{"id":15,"date":"2018-12-13T00:03:03","date_gmt":"2018-12-13T00:03:03","guid":{"rendered":"http:\/\/spsettlement.wpenginepowered.com\/?page_id=15"},"modified":"2025-11-10T20:04:59","modified_gmt":"2025-11-10T20:04:59","slug":"home","status":"publish","type":"page","link":"https:\/\/bipaviakablesettlement.com\/es\/","title":{"rendered":"Home"},"content":{"rendered":"<div id=\"hero-image\"  data-column-margin=\"default\" data-midnight=\"dark\"  class=\"wpb_row vc_row-fluid vc_row  right_margin_-50px left_margin_-50px right_padding_40px left_padding_40px right_margin_tablet_0px right_margin_phone_0px left_margin_tablet_0px left_margin_phone_0px\"  style=\"padding-top: 30px; padding-bottom: 30px; \"><div class=\"row-bg-wrap\" data-bg-animation=\"none\" data-bg-animation-delay=\"\" data-bg-overlay=\"false\"><div class=\"inner-wrap row-bg-layer using-image\" ><div class=\"row-bg viewport-desktop using-image\"  style=\"background-image: url(https:\/\/bipaviakablesettlement.com\/wp-content\/uploads\/2025\/02\/DarkGrayBackground_revised_v2.png); background-position: left bottom; background-repeat: no-repeat; \"><\/div><\/div><\/div><div class=\"row_col_wrap_12 col span_12 dark left\">\n\t<div  class=\"vc_col-sm-12 wpb_column column_container vc_column_container col no-extra-padding inherit_tablet inherit_phone\"  data-padding-pos=\"all\" data-has-bg-color=\"false\" data-bg-color=\"\" data-bg-opacity=\"1\" data-animation=\"\" data-delay=\"0\" >\n\t\t<div class=\"vc_column-inner\" >\n\t\t\t<div class=\"wpb_wrapper\">\n\t\t\t\t<div id=\"fws_69e4cf952ef24\" data-midnight=\"\" data-column-margin=\"default\" class=\"wpb_row vc_row-fluid vc_row inner_row\"  style=\"\"><div class=\"row-bg-wrap\"> <div class=\"row-bg\" ><\/div> <\/div><div class=\"row_col_wrap_12_inner col span_12  left\">\n\t<div  class=\"vc_col-sm-8 wpb_column column_container vc_column_container col child_column no-extra-padding right_margin_3pct left_margin_3pct right_margin_phone_0px left_margin_phone_0px inherit_tablet inherit_phone\"   data-padding-pos=\"left-right\" data-has-bg-color=\"false\" data-bg-color=\"\" data-bg-opacity=\"1\" data-animation=\"\" data-delay=\"0\" >\n\t\t<div class=\"vc_column-inner\" >\n\t\t<div class=\"wpb_wrapper\">\n\t\t\t<h1 style=\"font-size: 3.75rem;color: #ffffff;line-height: 1.2;text-align: left\" class=\"vc_custom_heading vc_do_custom_heading vc_custom_1762791912962\" >Rocio Salinas v. Viakable Manufacturing<\/h1><h2 style=\"font-size: 22px;color: #ffffff;line-height: 34px;text-align: left\" class=\"vc_custom_heading vc_do_custom_heading vc_custom_1762803821403\" >Rocio Salinas v. Viakable Manufacturing, Case No. 2024CH000014 (Ill. Cir. Ct. Lasalle Cnty.)<\/h2><div class=\"divider-wrap\" data-alignment=\"default\"><div style=\"height: 20px;\" class=\"divider\"><\/div><\/div><a class=\"nectar-button jumbo regular extra-color-1  regular-button\"  role=\"button\" style=\"margin-top: 30px; margin-bottom: 30px; \"  href=\"https:\/\/salinasviakablemanufacturing.claims-administrator.com\" data-color-override=\"false\" data-hover-color-override=\"false\" data-hover-text-color-override=\"#fff\"><span>Presentar Reclamaci\u00f3n<\/span><\/a>\n\t\t<\/div> \n\t<\/div>\n\t<\/div> \n\n\t<div  class=\"vc_col-sm-4 wpb_column column_container vc_column_container col child_column no-extra-padding inherit_tablet inherit_phone\"   data-padding-pos=\"all\" data-has-bg-color=\"false\" data-bg-color=\"\" data-bg-opacity=\"1\" data-animation=\"\" data-delay=\"0\" >\n\t\t<div class=\"vc_column-inner\" >\n\t\t<div class=\"wpb_wrapper\">\n\t\t\t\n\t\t<\/div> \n\t<\/div>\n\t<\/div> \n<\/div><\/div>\n\t\t\t<\/div> \n\t\t<\/div>\n\t<\/div> \n<\/div><\/div>\n\t\t<div id=\"fws_69e4cf9530a2d\"  data-column-margin=\"default\" data-midnight=\"dark\"  class=\"wpb_row vc_row-fluid vc_row\"  style=\"padding-top: 30px; padding-bottom: 50px; \"><div class=\"row-bg-wrap\" data-bg-animation=\"none\" data-bg-animation-delay=\"\" data-bg-overlay=\"false\"><div class=\"inner-wrap row-bg-layer\" ><div class=\"row-bg viewport-desktop\"  style=\"\"><\/div><\/div><\/div><div class=\"row_col_wrap_12 col span_12 dark left\">\n\t<div  class=\"vc_col-sm-12 wpb_column column_container vc_column_container col\"  data-padding-pos=\"all\" data-has-bg-color=\"false\" data-bg-color=\"\" data-bg-opacity=\"1\" data-animation=\"\" data-delay=\"0\" >\n\t\t<div class=\"vc_column-inner\" >\n\t\t\t<div class=\"wpb_wrapper\">\n\t\t\t\t\n<div class=\"wpb_text_column wpb_content_element  vc_custom_1762792140920 main\" >\n\t<div class=\"wpb_wrapper\">\n\t\t<p class=\"body-highlight\">Si sus Datos Biom\u00e9tricos fueron pose\u00eddos, capturados, recopilados, almacenados, utilizados, transmitidos o difundidos por o en nombre del Club o su tecnolog\u00eda biom\u00e9trica entre el 19 de junio de 2019 y el 14 de octubre de 2025, es posible que tenga derecho a un pago en efectivo.<\/p>\n<p>Hay un aviso autorizado por el tribunal de un acuerdo propuesto de una demanda colectiva en el Tribunal de Circuito del Condado de Lasalle, Illinois, titulado <em>Rocio Salinas v. Viable Fabricaci\u00f3n, caso n.\u00b0 2024CH 000014 <\/em>ante el Honorable Todd Martin. El acuerdo resolver\u00eda una demanda interpuesta en nombre de personas que alegan que Viakable Manufacturing... LLC (\u201cDemandado\u201d) viol\u00f3 la Ley de Informaci\u00f3n Biom\u00e9trica de Illinois (\u201cBIPA\u201d), 740 ILCS 14\/1, <em>et seq<\/em>al supuestamente poseer, capturar, recopilar, almacenar, usar, transmitir o difundir \u201cidentificadores biom\u00e9tricos\u201d e \u201cinformaci\u00f3n biom\u00e9trica\u201d, seg\u00fan se definen esos t\u00e9rminos en 740 ILCS 14\/10. Si recibi\u00f3 este aviso, ha sido identificado como alguien a quien se le pueden haber recopilado sus identificadores biom\u00e9tricos o informaci\u00f3n biom\u00e9trica. El tribunal ha otorgado la aprobaci\u00f3n preliminar del acuerdo y ha certificado condicionalmente al Grupo del Acuerdo solo para fines del acuerdo.<\/p>\n<p>La informaci\u00f3n proporcionada en este sitio web es un resumen y no pretende ser una explicaci\u00f3n completa de sus derechos. Para obtener informaci\u00f3n completa, le recomendamos que consulte detenidamente el <a href=\"\/es\/important-case-documents\/\">Aviso De Propuesta De Acuerdo De Demanda Colectiva<\/a>.<\/p>\n\t<\/div>\n<\/div>\n\n\n\n\n\t\t\t<\/div> \n\t\t<\/div>\n\t<\/div> \n<\/div><\/div>\n\t\t<div id=\"fws_69e4cf9531306\"  data-column-margin=\"default\" data-midnight=\"dark\"  class=\"wpb_row vc_row-fluid vc_row full-width-section\"  style=\"padding-top: 50px; padding-bottom: 50px; \"><div class=\"row-bg-wrap\" data-bg-animation=\"none\" data-bg-animation-delay=\"\" data-bg-overlay=\"false\"><div class=\"inner-wrap row-bg-layer\" ><div class=\"row-bg viewport-desktop using-bg-color\"  style=\"background-color: #ffffff; \"><\/div><\/div><\/div><div class=\"row_col_wrap_12 col span_12 dark left\">\n\t<div  class=\"vc_col-sm-12 wpb_column column_container vc_column_container col no-extra-padding inherit_tablet inherit_phone\"  data-padding-pos=\"all\" data-has-bg-color=\"false\" data-bg-color=\"\" data-bg-opacity=\"1\" data-animation=\"\" data-delay=\"0\" >\n\t\t<div class=\"vc_column-inner\" >\n\t\t\t<div class=\"wpb_wrapper\">\n\t\t\t\t\n<div class=\"wpb_text_column wpb_content_element  main options\" >\n\t<div class=\"wpb_wrapper\">\n\t\t<div class=\"col-grid-2\">\n<div>\n<h3>\u00bfCuales Son Mis Opciones?<\/h3>\n<\/div>\n<div>\n<h4 class=\"money\">Acepte el acuerdo y presente una reclamaci\u00f3n.<\/h4>\n<p class=\"deadline\">- Fecha l\u00edmite: el 13 de diciembre de 2025<\/p>\n<div class=\"truncate-3\">Para aceptar el Acuerdo, debe presentar un Formulario de Reclamaci\u00f3n antes de la Fecha L\u00edmite de Reclamaciones, que es el 13 de diciembre de 2025.<\/div>\n<h4 class=\"exclude\">Excluirse<\/h4>\n<p class=\"deadline\">- Fecha l\u00edmite: el 13 de diciembre de 2025<\/p>\n<div class=\"truncate-3\">Puede excluirse del Acuerdo. Consulte el <a href=\"\/es\/important-case-documents\/\">Aviso<\/a> para obtener detalles sobre c\u00f3mo excluirse del Acuerdo.<\/div>\n<h4 class=\"object\">Objetar el acuerdo<\/h4>\n<p class=\"deadline\">- Fecha l\u00edmite: el 13 de diciembre de 2025<\/p>\n<div class=\"truncate-3\">Si desea presentar una objeci\u00f3n al Acuerdo, debe presentar su objeci\u00f3n por escrito al Secretario del Tribunal del Circuito del Condado de Lasalle y a los abogados de todas las Partes de la demanda, incluidos los abogados que representan al Representante de la Clase y la Clase del Acuerdo,  Para obtener m\u00e1s detalles, consulte el <a href=\"\/es\/important-case-documents\/\">Aviso<\/a>.<\/div>\n<h4 class=\"do-nothing\">No hacer nada<\/h4>\n<div class=\"truncate-3\">Si no hace nada y se aprueba el Acuerdo, no recibir\u00e1 dinero del Fondo del Acuerdo, pero seguir\u00e1 estando sujeto a todas las \u00f3rdenes y sentencias del tribunal. <strong><em>Presentar oportunamente un Formulario de Reclamaci\u00f3n v\u00e1lido es la \u00fanica manera de recibir un pago de este Acuerdo, y es lo \u00fanico que debe hacer para recibirlo.<\/em><\/strong><\/div>\n<\/div>\n<div><\/div>\n<\/div>\n\t<\/div>\n<\/div>\n\n\n\n\n\t\t\t<\/div> \n\t\t<\/div>\n\t<\/div> \n<\/div><\/div>","protected":false},"excerpt":{"rendered":"Rocio Salinas v. Viakable ManufacturingRocio Salinas v. Viakable Manufacturing, Case No. 2024CH000014 (Ill. Cir. Ct. Lasalle Cnty.)File Claim If your Biometric Data was possessed, captured, collected, stored, used, transmitted, or...","protected":false},"author":2,"featured_media":0,"parent":0,"menu_order":0,"comment_status":"closed","ping_status":"closed","template":"","meta":{"footnotes":""},"class_list":["post-15","page","type-page","status-publish"],"yoast_head":"<!-- This site is optimized with the Yoast SEO plugin v26.3 - https:\/\/yoast.com\/wordpress\/plugins\/seo\/ -->\n<title>Home - Rocio Salinas v. Viakable Manufacturing<\/title>\n<meta name=\"robots\" content=\"index, follow, max-snippet:-1, max-image-preview:large, max-video-preview:-1\" \/>\n<link rel=\"canonical\" href=\"https:\/\/bipaviakablesettlement.com\/es\/\" \/>\n<meta property=\"og:locale\" content=\"es_ES\" \/>\n<meta property=\"og:type\" content=\"article\" \/>\n<meta property=\"og:title\" content=\"Home - Rocio Salinas v. Viakable Manufacturing\" \/>\n<meta property=\"og:url\" content=\"https:\/\/bipaviakablesettlement.com\/es\/\" \/>\n<meta property=\"og:site_name\" content=\"Rocio Salinas v. Viakable Manufacturing\" \/>\n<meta property=\"article:modified_time\" content=\"2025-11-10T20:04:59+00:00\" \/>\n<meta name=\"twitter:card\" content=\"summary_large_image\" \/>\n<meta name=\"twitter:label1\" content=\"Est. reading time\" \/>\n\t<meta name=\"twitter:data1\" content=\"7 minutos\" \/>\n<script type=\"application\/ld+json\" class=\"yoast-schema-graph\">{\"@context\":\"https:\/\/schema.org\",\"@graph\":[{\"@type\":\"WebPage\",\"@id\":\"https:\/\/bipaviakablesettlement.com\/\",\"url\":\"https:\/\/bipaviakablesettlement.com\/\",\"name\":\"Home - Rocio Salinas v. Viakable Manufacturing\",\"isPartOf\":{\"@id\":\"https:\/\/bipaviakablesettlement.com\/#website\"},\"datePublished\":\"2018-12-13T00:03:03+00:00\",\"dateModified\":\"2025-11-10T20:04:59+00:00\",\"breadcrumb\":{\"@id\":\"https:\/\/bipaviakablesettlement.com\/#breadcrumb\"},\"inLanguage\":\"es\",\"potentialAction\":[{\"@type\":\"ReadAction\",\"target\":[\"https:\/\/bipaviakablesettlement.com\/\"]}]},{\"@type\":\"BreadcrumbList\",\"@id\":\"https:\/\/bipaviakablesettlement.com\/#breadcrumb\",\"itemListElement\":[{\"@type\":\"ListItem\",\"position\":1,\"name\":\"Home\",\"item\":\"https:\/\/bipaviakablesettlement.com\/\"},{\"@type\":\"ListItem\",\"position\":2,\"name\":\"Home\"}]},{\"@type\":\"WebSite\",\"@id\":\"https:\/\/bipaviakablesettlement.com\/#website\",\"url\":\"https:\/\/bipaviakablesettlement.com\/\",\"name\":\"Rocio Salinas v. Viakable Manufacturing\",\"description\":\"\",\"potentialAction\":[{\"@type\":\"SearchAction\",\"target\":{\"@type\":\"EntryPoint\",\"urlTemplate\":\"https:\/\/bipaviakablesettlement.com\/?s={search_term_string}\"},\"query-input\":{\"@type\":\"PropertyValueSpecification\",\"valueRequired\":true,\"valueName\":\"search_term_string\"}}],\"inLanguage\":\"es\"}]}<\/script>\n<!-- \/ Yoast SEO plugin. -->","yoast_head_json":{"title":"Home - Rocio Salinas v. Viakable Manufacturing","robots":{"index":"index","follow":"follow","max-snippet":"max-snippet:-1","max-image-preview":"max-image-preview:large","max-video-preview":"max-video-preview:-1"},"canonical":"https:\/\/bipaviakablesettlement.com\/es\/","og_locale":"es_ES","og_type":"article","og_title":"Home - Rocio Salinas v. Viakable Manufacturing","og_url":"https:\/\/bipaviakablesettlement.com\/es\/","og_site_name":"Rocio Salinas v. Viakable Manufacturing","article_modified_time":"2025-11-10T20:04:59+00:00","twitter_card":"summary_large_image","twitter_misc":{"Est. reading time":"7 minutos"},"schema":{"@context":"https:\/\/schema.org","@graph":[{"@type":"WebPage","@id":"https:\/\/bipaviakablesettlement.com\/","url":"https:\/\/bipaviakablesettlement.com\/","name":"Home - Rocio Salinas v. Viakable Manufacturing","isPartOf":{"@id":"https:\/\/bipaviakablesettlement.com\/#website"},"datePublished":"2018-12-13T00:03:03+00:00","dateModified":"2025-11-10T20:04:59+00:00","breadcrumb":{"@id":"https:\/\/bipaviakablesettlement.com\/#breadcrumb"},"inLanguage":"es","potentialAction":[{"@type":"ReadAction","target":["https:\/\/bipaviakablesettlement.com\/"]}]},{"@type":"BreadcrumbList","@id":"https:\/\/bipaviakablesettlement.com\/#breadcrumb","itemListElement":[{"@type":"ListItem","position":1,"name":"Home","item":"https:\/\/bipaviakablesettlement.com\/"},{"@type":"ListItem","position":2,"name":"Home"}]},{"@type":"WebSite","@id":"https:\/\/bipaviakablesettlement.com\/#website","url":"https:\/\/bipaviakablesettlement.com\/","name":"Rocio Salinas v. Viakable Manufacturing","description":"","potentialAction":[{"@type":"SearchAction","target":{"@type":"EntryPoint","urlTemplate":"https:\/\/bipaviakablesettlement.com\/?s={search_term_string}"},"query-input":{"@type":"PropertyValueSpecification","valueRequired":true,"valueName":"search_term_string"}}],"inLanguage":"es"}]}},"_links":{"self":[{"href":"https:\/\/bipaviakablesettlement.com\/es\/wp-json\/wp\/v2\/pages\/15","targetHints":{"allow":["GET"]}}],"collection":[{"href":"https:\/\/bipaviakablesettlement.com\/es\/wp-json\/wp\/v2\/pages"}],"about":[{"href":"https:\/\/bipaviakablesettlement.com\/es\/wp-json\/wp\/v2\/types\/page"}],"author":[{"embeddable":true,"href":"https:\/\/bipaviakablesettlement.com\/es\/wp-json\/wp\/v2\/users\/2"}],"replies":[{"embeddable":true,"href":"https:\/\/bipaviakablesettlement.com\/es\/wp-json\/wp\/v2\/comments?post=15"}],"version-history":[{"count":0,"href":"https:\/\/bipaviakablesettlement.com\/es\/wp-json\/wp\/v2\/pages\/15\/revisions"}],"wp:attachment":[{"href":"https:\/\/bipaviakablesettlement.com\/es\/wp-json\/wp\/v2\/media?parent=15"}],"curies":[{"name":"wp","href":"https:\/\/api.w.org\/{rel}","templated":true}]}}